{"id":44,"date":"2020-06-07T10:38:27","date_gmt":"2020-06-07T10:38:27","guid":{"rendered":"http:\/\/pflanzen-oltmanns.de\/?page_id=44"},"modified":"2020-07-26T19:05:52","modified_gmt":"2020-07-26T19:05:52","slug":"impressum","status":"publish","type":"page","link":"http:\/\/pflanzen-oltmanns.de\/?page_id=44","title":{"rendered":"Impressum"},"content":{"rendered":"\t\t<div data-elementor-type=\"wp-page\" data-elementor-id=\"44\" class=\"elementor elementor-44\">\n\t\t\t\t\t\t<section class=\"elementor-section elementor-top-section elementor-element elementor-element-ef209c1 elementor-section-boxed elementor-section-height-default elementor-section-height-default\" data-id=\"ef209c1\" data-element_type=\"section\" data-e-type=\"section\">\n\t\t\t\t\t\t<div class=\"elementor-container elementor-column-gap-default\">\n\t\t\t\t\t<div class=\"elementor-column elementor-col-100 elementor-top-column elementor-element elementor-element-b5905e5\" data-id=\"b5905e5\" data-element_type=\"column\" data-e-type=\"column\">\n\t\t\t<div class=\"elementor-widget-wrap elementor-element-populated\">\n\t\t\t\t\t\t<div class=\"elementor-element elementor-element-9b8d1a3 elementor-widget elementor-widget-spacer\" data-id=\"9b8d1a3\" data-element_type=\"widget\" data-e-type=\"widget\" data-widget_type=\"spacer.default\">\n\t\t\t\t<div class=\"elementor-widget-container\">\n\t\t\t\t\t\t\t<div class=\"elementor-spacer\">\n\t\t\t<div class=\"elementor-spacer-inner\"><\/div>\n\t\t<\/div>\n\t\t\t\t\t\t<\/div>\n\t\t\t\t<\/div>\n\t\t\t\t<div class=\"elementor-element elementor-element-11bba90 elementor-widget elementor-widget-heading\" data-id=\"11bba90\" data-element_type=\"widget\" data-e-type=\"widget\" data-widget_type=\"heading.default\">\n\t\t\t\t<div class=\"elementor-widget-container\">\n\t\t\t\t\t<h2 class=\"elementor-heading-title elementor-size-xl\">Impressum<\/h2>\t\t\t\t<\/div>\n\t\t\t\t<\/div>\n\t\t\t\t<div class=\"elementor-element elementor-element-a3bc3a5 elementor-widget elementor-widget-spacer\" data-id=\"a3bc3a5\" data-element_type=\"widget\" data-e-type=\"widget\" data-widget_type=\"spacer.default\">\n\t\t\t\t<div class=\"elementor-widget-container\">\n\t\t\t\t\t\t\t<div class=\"elementor-spacer\">\n\t\t\t<div class=\"elementor-spacer-inner\"><\/div>\n\t\t<\/div>\n\t\t\t\t\t\t<\/div>\n\t\t\t\t<\/div>\n\t\t\t\t\t<\/div>\n\t\t<\/div>\n\t\t\t\t\t<\/div>\n\t\t<\/section>\n\t\t\t\t<section class=\"elementor-section elementor-top-section elementor-element elementor-element-42871af elementor-section-boxed elementor-section-height-default elementor-section-height-default\" data-id=\"42871af\" data-element_type=\"section\" data-e-type=\"section\">\n\t\t\t\t\t\t<div class=\"elementor-container elementor-column-gap-default\">\n\t\t\t\t\t<div class=\"elementor-column elementor-col-100 elementor-top-column elementor-element elementor-element-7416c17\" data-id=\"7416c17\" data-element_type=\"column\" data-e-type=\"column\">\n\t\t\t<div class=\"elementor-widget-wrap elementor-element-populated\">\n\t\t\t\t\t\t<div class=\"elementor-element elementor-element-af6a508 elementor-widget elementor-widget-text-editor\" data-id=\"af6a508\" data-element_type=\"widget\" data-e-type=\"widget\" data-widget_type=\"text-editor.default\">\n\t\t\t\t<div class=\"elementor-widget-container\">\n\t\t\t\t\t\t\t\t\t<h1>Impressum<\/h1><h2>Angaben gem\u00e4\u00df \u00a7 5 TMG<\/h2><p>Wilfried Oltmanns<br \/>Baumschule Wilfried Oltmanns<br \/>Fintlandstra\u00dfe 10a<br \/>26188 Edewecht<\/p><h2>Kontakt<\/h2><p>Telefon: 0162 8591772<br \/>Telefax: 04405 49378<br \/>E-Mail: info@pflanzen-oltmanns.de<\/p><h2>Umsatzsteuer-ID<\/h2><p>Umsatzsteuer-Identifikationsnummer gem\u00e4\u00df \u00a7 27 a Umsatzsteuergesetz:<br \/>DE294041017<\/p><h2>Angaben zur Berufshaftpflichtversicherung<\/h2><p><strong>Name und Sitz des Versicherers:<\/strong><br \/>R+V Versicherung AG<br \/>Raiffeisenplatz 1<br \/>65189 Wiesbaden<\/p><p><strong>Geltungsraum der Versicherung:<\/strong><br \/>Deutschland<\/p><h2>Verbraucher\u00adstreit\u00adbeilegung\/Universal\u00adschlichtungs\u00adstelle<\/h2><p>Wir sind nicht bereit oder verpflichtet, an Streitbeilegungsverfahren vor einer Verbraucherschlichtungsstelle teilzunehmen.<\/p><h3>Haftung f\u00fcr Inhalte<\/h3><p>Als Diensteanbieter sind wir gem\u00e4\u00df \u00a7 7 Abs.1 TMG f\u00fcr eigene Inhalte auf diesen Seiten nach den allgemeinen Gesetzen verantwortlich. Nach \u00a7\u00a7 8 bis 10 TMG sind wir als Diensteanbieter jedoch nicht verpflichtet, \u00fcbermittelte oder gespeicherte fremde Informationen zu \u00fcberwachen oder nach Umst\u00e4nden zu forschen, die auf eine rechtswidrige T\u00e4tigkeit hinweisen.<\/p><p>Verpflichtungen zur Entfernung oder Sperrung der Nutzung von Informationen nach den allgemeinen Gesetzen bleiben hiervon unber\u00fchrt. Eine diesbez\u00fcgliche Haftung ist jedoch erst ab dem Zeitpunkt der Kenntnis einer konkreten Rechtsverletzung m\u00f6glich. Bei Bekanntwerden von entsprechenden Rechtsverletzungen werden wir diese Inhalte umgehend entfernen.<\/p><h3>Haftung f\u00fcr Links<\/h3><p>Unser Angebot enth\u00e4lt Links zu externen Websites Dritter, auf deren Inhalte wir keinen Einfluss haben. Deshalb k\u00f6nnen wir f\u00fcr diese fremden Inhalte auch keine Gew\u00e4hr \u00fcbernehmen. F\u00fcr die Inhalte der verlinkten Seiten ist stets der jeweilige Anbieter oder Betreiber der Seiten verantwortlich. Die verlinkten Seiten wurden zum Zeitpunkt der Verlinkung auf m\u00f6gliche Rechtsverst\u00f6\u00dfe \u00fcberpr\u00fcft. Rechtswidrige Inhalte waren zum Zeitpunkt der Verlinkung nicht erkennbar.<\/p><p>Eine permanente inhaltliche Kontrolle der verlinkten Seiten ist jedoch ohne konkrete Anhaltspunkte einer Rechtsverletzung nicht zumutbar. Bei Bekanntwerden von Rechtsverletzungen werden wir derartige Links umgehend entfernen.<\/p><h3>Urheberrecht<\/h3><p>Die durch die Seitenbetreiber erstellten Inhalte und Werke auf diesen Seiten unterliegen dem deutschen Urheberrecht. Die Vervielf\u00e4ltigung, Bearbeitung, Verbreitung und jede Art der Verwertung au\u00dferhalb der Grenzen des Urheberrechtes bed\u00fcrfen der schriftlichen Zustimmung des jeweiligen Autors bzw. Erstellers. Downloads und Kopien dieser Seite sind nur f\u00fcr den privaten, nicht kommerziellen Gebrauch gestattet.<\/p><p>Soweit die Inhalte auf dieser Seite nicht vom Betreiber erstellt wurden, werden die Urheberrechte Dritter beachtet. Insbesondere werden Inhalte Dritter als solche gekennzeichnet. Sollten Sie trotzdem auf eine Urheberrechtsverletzung aufmerksam werden, bitten wir um einen entsprechenden Hinweis. Bei Bekanntwerden von Rechtsverletzungen werden wir derartige Inhalte umgehend entfernen.<\/p><p>Quelle: <a href=\"https:\/\/www.e-recht24.de\">https:\/\/www.e-recht24.de<\/a><\/p>\t\t\t\t\t\t\t\t<\/div>\n\t\t\t\t<\/div>\n\t\t\t\t\t<\/div>\n\t\t<\/div>\n\t\t\t\t\t<\/div>\n\t\t<\/section>\n\t\t\t\t<\/div>\n\t\t","protected":false},"excerpt":{"rendered":"<p>Impressum Impressum Angaben gem\u00e4\u00df \u00a7 5 TMG Wilfried OltmannsBaumschule Wilfried OltmannsFintlandstra\u00dfe 10a26188 Edewecht Kontakt Telefon: 0162 8591772Telefax: 04405 49378E-Mail: info@pflanzen-oltmanns.de Umsatzsteuer-ID Umsatzsteuer-Identifikationsnummer gem\u00e4\u00df \u00a7 27 a Umsatzsteuergesetz:DE294041017 Angaben zur Berufshaftpflichtversicherung Name und Sitz des Versicherers:R+V Versicherung AGRaiffeisenplatz 165189 Wiesbaden Geltungsraum der Versicherung:Deutschland Verbraucher\u00adstreit\u00adbeilegung\/Universal\u00adschlichtungs\u00adstelle Wir sind nicht bereit oder verpflichtet, an Streitbeilegungsverfahren vor einer Verbraucherschlichtungsstelle teilzunehmen. [&hellip;]<\/p>\n","protected":false},"author":1,"featured_media":0,"parent":0,"menu_order":0,"comment_status":"closed","ping_status":"closed","template":"","meta":{"ocean_post_layout":"full-screen","ocean_both_sidebars_style":"","ocean_both_sidebars_content_width":0,"ocean_both_sidebars_sidebars_width":0,"ocean_sidebar":"0","ocean_second_sidebar":"0","ocean_disable_margins":"enable","ocean_add_body_class":"","ocean_shortcode_before_top_bar":"","ocean_shortcode_after_top_bar":"","ocean_shortcode_before_header":"","ocean_shortcode_after_header":"","ocean_has_shortcode":"","ocean_shortcode_after_title":"","ocean_shortcode_before_footer_widgets":"","ocean_shortcode_after_footer_widgets":"","ocean_shortcode_before_footer_bottom":"","ocean_shortcode_after_footer_bottom":"","ocean_display_top_bar":"on","ocean_display_header":"on","ocean_header_style":"","ocean_center_header_left_menu":"0","ocean_custom_header_template":"0","ocean_custom_logo":0,"ocean_custom_retina_logo":0,"ocean_custom_logo_max_width":0,"ocean_custom_logo_tablet_max_width":0,"ocean_custom_logo_mobile_max_width":0,"ocean_custom_logo_max_height":0,"ocean_custom_logo_tablet_max_height":0,"ocean_custom_logo_mobile_max_height":0,"ocean_header_custom_menu":"0","ocean_menu_typo_font_family":"0","ocean_menu_typo_font_subset":"","ocean_menu_typo_font_size":0,"ocean_menu_typo_font_size_tablet":0,"ocean_menu_typo_font_size_mobile":0,"ocean_menu_typo_font_size_unit":"px","ocean_menu_typo_font_weight":"","ocean_menu_typo_font_weight_tablet":"","ocean_menu_typo_font_weight_mobile":"","ocean_menu_typo_transform":"","ocean_menu_typo_transform_tablet":"","ocean_menu_typo_transform_mobile":"","ocean_menu_typo_line_height":0,"ocean_menu_typo_line_height_tablet":0,"ocean_menu_typo_line_height_mobile":0,"ocean_menu_typo_line_height_unit":"","ocean_menu_typo_spacing":0,"ocean_menu_typo_spacing_tablet":0,"ocean_menu_typo_spacing_mobile":0,"ocean_menu_typo_spacing_unit":"","ocean_menu_link_color":"","ocean_menu_link_color_hover":"","ocean_menu_link_color_active":"","ocean_menu_link_background":"","ocean_menu_link_hover_background":"","ocean_menu_link_active_background":"","ocean_menu_social_links_bg":"","ocean_menu_social_hover_links_bg":"","ocean_menu_social_links_color":"","ocean_menu_social_hover_links_color":"","ocean_disable_title":"on","ocean_disable_heading":"default","ocean_post_title":"","ocean_post_subheading":"","ocean_post_title_style":"","ocean_post_title_background_color":"","ocean_post_title_background":0,"ocean_post_title_bg_image_position":"","ocean_post_title_bg_image_attachment":"","ocean_post_title_bg_image_repeat":"","ocean_post_title_bg_image_size":"","ocean_post_title_height":0,"ocean_post_title_bg_overlay":0.5,"ocean_post_title_bg_overlay_color":"","ocean_disable_breadcrumbs":"default","ocean_breadcrumbs_color":"","ocean_breadcrumbs_separator_color":"","ocean_breadcrumbs_links_color":"","ocean_breadcrumbs_links_hover_color":"","ocean_display_footer_widgets":"off","ocean_display_footer_bottom":"on","ocean_custom_footer_template":"0","footnotes":""},"class_list":["post-44","page","type-page","status-publish","hentry","entry"],"yoast_head":"<!-- This site is optimized with the Yoast SEO plugin v27.3 - https:\/\/yoast.com\/product\/yoast-seo-wordpress\/ -->\n<title>Impressum - Baumschule Wilfried Oltmanns<\/title>\n<meta name=\"robots\" content=\"index, follow, max-snippet:-1, max-image-preview:large, max-video-preview:-1\" \/>\n<link rel=\"canonical\" href=\"http:\/\/pflanzen-oltmanns.de\/?page_id=44\" \/>\n<meta property=\"og:locale\" content=\"de_DE\" \/>\n<meta property=\"og:type\" content=\"article\" \/>\n<meta property=\"og:title\" content=\"Impressum - Baumschule Wilfried Oltmanns\" \/>\n<meta property=\"og:description\" content=\"Impressum Impressum Angaben gem\u00e4\u00df \u00a7 5 TMG Wilfried OltmannsBaumschule Wilfried OltmannsFintlandstra\u00dfe 10a26188 Edewecht Kontakt Telefon: 0162 8591772Telefax: 04405 49378E-Mail: info@pflanzen-oltmanns.de Umsatzsteuer-ID Umsatzsteuer-Identifikationsnummer gem\u00e4\u00df \u00a7 27 a Umsatzsteuergesetz:DE294041017 Angaben zur Berufshaftpflichtversicherung Name und Sitz des Versicherers:R+V Versicherung AGRaiffeisenplatz 165189 Wiesbaden Geltungsraum der Versicherung:Deutschland Verbraucher\u00adstreit\u00adbeilegung\/Universal\u00adschlichtungs\u00adstelle Wir sind nicht bereit oder verpflichtet, an Streitbeilegungsverfahren vor einer Verbraucherschlichtungsstelle teilzunehmen. [&hellip;]\" \/>\n<meta property=\"og:url\" content=\"http:\/\/pflanzen-oltmanns.de\/?page_id=44\" \/>\n<meta property=\"og:site_name\" content=\"Baumschule Wilfried Oltmanns\" \/>\n<meta property=\"article:modified_time\" content=\"2020-07-26T19:05:52+00:00\" \/>\n<meta name=\"twitter:card\" content=\"summary_large_image\" \/>\n<meta name=\"twitter:label1\" content=\"Gesch\u00e4tzte Lesezeit\" \/>\n\t<meta name=\"twitter:data1\" content=\"2\u00a0Minuten\" \/>\n<script type=\"application\/ld+json\" class=\"yoast-schema-graph\">{\"@context\":\"https:\\\/\\\/schema.org\",\"@graph\":[{\"@type\":\"WebPage\",\"@id\":\"http:\\\/\\\/pflanzen-oltmanns.de\\\/?page_id=44\",\"url\":\"http:\\\/\\\/pflanzen-oltmanns.de\\\/?page_id=44\",\"name\":\"Impressum - Baumschule Wilfried Oltmanns\",\"isPartOf\":{\"@id\":\"http:\\\/\\\/pflanzen-oltmanns.de\\\/#website\"},\"datePublished\":\"2020-06-07T10:38:27+00:00\",\"dateModified\":\"2020-07-26T19:05:52+00:00\",\"breadcrumb\":{\"@id\":\"http:\\\/\\\/pflanzen-oltmanns.de\\\/?page_id=44#breadcrumb\"},\"inLanguage\":\"de\",\"potentialAction\":[{\"@type\":\"ReadAction\",\"target\":[\"http:\\\/\\\/pflanzen-oltmanns.de\\\/?page_id=44\"]}]},{\"@type\":\"BreadcrumbList\",\"@id\":\"http:\\\/\\\/pflanzen-oltmanns.de\\\/?page_id=44#breadcrumb\",\"itemListElement\":[{\"@type\":\"ListItem\",\"position\":1,\"name\":\"Startseite\",\"item\":\"http:\\\/\\\/pflanzen-oltmanns.de\\\/\"},{\"@type\":\"ListItem\",\"position\":2,\"name\":\"Impressum\"}]},{\"@type\":\"WebSite\",\"@id\":\"http:\\\/\\\/pflanzen-oltmanns.de\\\/#website\",\"url\":\"http:\\\/\\\/pflanzen-oltmanns.de\\\/\",\"name\":\"Baumschule Wilfried Oltmanns\",\"description\":\"Baumschule Wilfried Oltmanns\",\"publisher\":{\"@id\":\"http:\\\/\\\/pflanzen-oltmanns.de\\\/#organization\"},\"potentialAction\":[{\"@type\":\"SearchAction\",\"target\":{\"@type\":\"EntryPoint\",\"urlTemplate\":\"http:\\\/\\\/pflanzen-oltmanns.de\\\/?s={search_term_string}\"},\"query-input\":{\"@type\":\"PropertyValueSpecification\",\"valueRequired\":true,\"valueName\":\"search_term_string\"}}],\"inLanguage\":\"de\"},{\"@type\":\"Organization\",\"@id\":\"http:\\\/\\\/pflanzen-oltmanns.de\\\/#organization\",\"name\":\"Baumschule Wilfried Oltmanns\",\"url\":\"http:\\\/\\\/pflanzen-oltmanns.de\\\/\",\"logo\":{\"@type\":\"ImageObject\",\"inLanguage\":\"de\",\"@id\":\"http:\\\/\\\/pflanzen-oltmanns.de\\\/#\\\/schema\\\/logo\\\/image\\\/\",\"url\":\"http:\\\/\\\/pflanzen-oltmanns.de\\\/wp-content\\\/uploads\\\/2020\\\/07\\\/cropped-Oltmanns_Wilfried_Logo_300dpi_RGB.jpg\",\"contentUrl\":\"http:\\\/\\\/pflanzen-oltmanns.de\\\/wp-content\\\/uploads\\\/2020\\\/07\\\/cropped-Oltmanns_Wilfried_Logo_300dpi_RGB.jpg\",\"width\":2473,\"height\":809,\"caption\":\"Baumschule Wilfried Oltmanns\"},\"image\":{\"@id\":\"http:\\\/\\\/pflanzen-oltmanns.de\\\/#\\\/schema\\\/logo\\\/image\\\/\"}}]}<\/script>\n<!-- \/ Yoast SEO plugin. -->","yoast_head_json":{"title":"Impressum - Baumschule Wilfried Oltmanns","robots":{"index":"index","follow":"follow","max-snippet":"max-snippet:-1","max-image-preview":"max-image-preview:large","max-video-preview":"max-video-preview:-1"},"canonical":"http:\/\/pflanzen-oltmanns.de\/?page_id=44","og_locale":"de_DE","og_type":"article","og_title":"Impressum - Baumschule Wilfried Oltmanns","og_description":"Impressum Impressum Angaben gem\u00e4\u00df \u00a7 5 TMG Wilfried OltmannsBaumschule Wilfried OltmannsFintlandstra\u00dfe 10a26188 Edewecht Kontakt Telefon: 0162 8591772Telefax: 04405 49378E-Mail: info@pflanzen-oltmanns.de Umsatzsteuer-ID Umsatzsteuer-Identifikationsnummer gem\u00e4\u00df \u00a7 27 a Umsatzsteuergesetz:DE294041017 Angaben zur Berufshaftpflichtversicherung Name und Sitz des Versicherers:R+V Versicherung AGRaiffeisenplatz 165189 Wiesbaden Geltungsraum der Versicherung:Deutschland Verbraucher\u00adstreit\u00adbeilegung\/Universal\u00adschlichtungs\u00adstelle Wir sind nicht bereit oder verpflichtet, an Streitbeilegungsverfahren vor einer Verbraucherschlichtungsstelle teilzunehmen. [&hellip;]","og_url":"http:\/\/pflanzen-oltmanns.de\/?page_id=44","og_site_name":"Baumschule Wilfried Oltmanns","article_modified_time":"2020-07-26T19:05:52+00:00","twitter_card":"summary_large_image","twitter_misc":{"Gesch\u00e4tzte Lesezeit":"2\u00a0Minuten"},"schema":{"@context":"https:\/\/schema.org","@graph":[{"@type":"WebPage","@id":"http:\/\/pflanzen-oltmanns.de\/?page_id=44","url":"http:\/\/pflanzen-oltmanns.de\/?page_id=44","name":"Impressum - Baumschule Wilfried Oltmanns","isPartOf":{"@id":"http:\/\/pflanzen-oltmanns.de\/#website"},"datePublished":"2020-06-07T10:38:27+00:00","dateModified":"2020-07-26T19:05:52+00:00","breadcrumb":{"@id":"http:\/\/pflanzen-oltmanns.de\/?page_id=44#breadcrumb"},"inLanguage":"de","potentialAction":[{"@type":"ReadAction","target":["http:\/\/pflanzen-oltmanns.de\/?page_id=44"]}]},{"@type":"BreadcrumbList","@id":"http:\/\/pflanzen-oltmanns.de\/?page_id=44#breadcrumb","itemListElement":[{"@type":"ListItem","position":1,"name":"Startseite","item":"http:\/\/pflanzen-oltmanns.de\/"},{"@type":"ListItem","position":2,"name":"Impressum"}]},{"@type":"WebSite","@id":"http:\/\/pflanzen-oltmanns.de\/#website","url":"http:\/\/pflanzen-oltmanns.de\/","name":"Baumschule Wilfried Oltmanns","description":"Baumschule Wilfried Oltmanns","publisher":{"@id":"http:\/\/pflanzen-oltmanns.de\/#organization"},"potentialAction":[{"@type":"SearchAction","target":{"@type":"EntryPoint","urlTemplate":"http:\/\/pflanzen-oltmanns.de\/?s={search_term_string}"},"query-input":{"@type":"PropertyValueSpecification","valueRequired":true,"valueName":"search_term_string"}}],"inLanguage":"de"},{"@type":"Organization","@id":"http:\/\/pflanzen-oltmanns.de\/#organization","name":"Baumschule Wilfried Oltmanns","url":"http:\/\/pflanzen-oltmanns.de\/","logo":{"@type":"ImageObject","inLanguage":"de","@id":"http:\/\/pflanzen-oltmanns.de\/#\/schema\/logo\/image\/","url":"http:\/\/pflanzen-oltmanns.de\/wp-content\/uploads\/2020\/07\/cropped-Oltmanns_Wilfried_Logo_300dpi_RGB.jpg","contentUrl":"http:\/\/pflanzen-oltmanns.de\/wp-content\/uploads\/2020\/07\/cropped-Oltmanns_Wilfried_Logo_300dpi_RGB.jpg","width":2473,"height":809,"caption":"Baumschule Wilfried Oltmanns"},"image":{"@id":"http:\/\/pflanzen-oltmanns.de\/#\/schema\/logo\/image\/"}}]}},"_links":{"self":[{"href":"http:\/\/pflanzen-oltmanns.de\/index.php?rest_route=\/wp\/v2\/pages\/44","targetHints":{"allow":["GET"]}}],"collection":[{"href":"http:\/\/pflanzen-oltmanns.de\/index.php?rest_route=\/wp\/v2\/pages"}],"about":[{"href":"http:\/\/pflanzen-oltmanns.de\/index.php?rest_route=\/wp\/v2\/types\/page"}],"author":[{"embeddable":true,"href":"http:\/\/pflanzen-oltmanns.de\/index.php?rest_route=\/wp\/v2\/users\/1"}],"replies":[{"embeddable":true,"href":"http:\/\/pflanzen-oltmanns.de\/index.php?rest_route=%2Fwp%2Fv2%2Fcomments&post=44"}],"version-history":[{"count":11,"href":"http:\/\/pflanzen-oltmanns.de\/index.php?rest_route=\/wp\/v2\/pages\/44\/revisions"}],"predecessor-version":[{"id":470,"href":"http:\/\/pflanzen-oltmanns.de\/index.php?rest_route=\/wp\/v2\/pages\/44\/revisions\/470"}],"wp:attachment":[{"href":"http:\/\/pflanzen-oltmanns.de\/index.php?rest_route=%2Fwp%2Fv2%2Fmedia&parent=44"}],"curies":[{"name":"wp","href":"https:\/\/api.w.org\/{rel}","templated":true}]}}