{"id":23,"date":"2020-07-25T09:57:00","date_gmt":"2020-07-25T09:57:00","guid":{"rendered":"http:\/\/pflanzen-oltmanns.de\/?page_id=23"},"modified":"2021-08-13T11:24:51","modified_gmt":"2021-08-13T11:24:51","slug":"sortiment","status":"publish","type":"page","link":"http:\/\/pflanzen-oltmanns.de\/?page_id=23","title":{"rendered":"Sortiment"},"content":{"rendered":"\t\t<div data-elementor-type=\"wp-page\" data-elementor-id=\"23\" class=\"elementor elementor-23\">\n\t\t\t\t\t\t<section class=\"elementor-section elementor-top-section elementor-element elementor-element-eae9303 elementor-section-boxed elementor-section-height-default elementor-section-height-default\" data-id=\"eae9303\" data-element_type=\"section\" data-e-type=\"section\">\n\t\t\t\t\t\t<div class=\"elementor-container elementor-column-gap-default\">\n\t\t\t\t\t<div class=\"elementor-column elementor-col-100 elementor-top-column elementor-element elementor-element-0bc385c\" data-id=\"0bc385c\" data-element_type=\"column\" data-e-type=\"column\">\n\t\t\t<div class=\"elementor-widget-wrap elementor-element-populated\">\n\t\t\t\t\t\t<div class=\"elementor-element elementor-element-b9c493e elementor-widget elementor-widget-spacer\" data-id=\"b9c493e\" data-element_type=\"widget\" data-e-type=\"widget\" data-widget_type=\"spacer.default\">\n\t\t\t\t<div class=\"elementor-widget-container\">\n\t\t\t\t\t\t\t<div class=\"elementor-spacer\">\n\t\t\t<div class=\"elementor-spacer-inner\"><\/div>\n\t\t<\/div>\n\t\t\t\t\t\t<\/div>\n\t\t\t\t<\/div>\n\t\t\t\t<div class=\"elementor-element elementor-element-c28dcd9 elementor-widget elementor-widget-heading\" data-id=\"c28dcd9\" data-element_type=\"widget\" data-e-type=\"widget\" data-widget_type=\"heading.default\">\n\t\t\t\t<div class=\"elementor-widget-container\">\n\t\t\t\t\t<h2 class=\"elementor-heading-title elementor-size-xl\">Unser Sortiment<\/h2>\t\t\t\t<\/div>\n\t\t\t\t<\/div>\n\t\t\t\t<div class=\"elementor-element elementor-element-f7d47f0 elementor-widget elementor-widget-spacer\" data-id=\"f7d47f0\" data-element_type=\"widget\" data-e-type=\"widget\" data-widget_type=\"spacer.default\">\n\t\t\t\t<div class=\"elementor-widget-container\">\n\t\t\t\t\t\t\t<div class=\"elementor-spacer\">\n\t\t\t<div class=\"elementor-spacer-inner\"><\/div>\n\t\t<\/div>\n\t\t\t\t\t\t<\/div>\n\t\t\t\t<\/div>\n\t\t\t\t\t<\/div>\n\t\t<\/div>\n\t\t\t\t\t<\/div>\n\t\t<\/section>\n\t\t\t\t<section class=\"elementor-section elementor-top-section elementor-element elementor-element-a53d1dd elementor-section-boxed elementor-section-height-default elementor-section-height-default\" data-id=\"a53d1dd\" data-element_type=\"section\" data-e-type=\"section\">\n\t\t\t\t\t\t<div class=\"elementor-container elementor-column-gap-default\">\n\t\t\t\t\t<div class=\"elementor-column elementor-col-100 elementor-top-column elementor-element elementor-element-59d7161\" data-id=\"59d7161\" data-element_type=\"column\" data-e-type=\"column\">\n\t\t\t<div class=\"elementor-widget-wrap elementor-element-populated\">\n\t\t\t\t\t\t<div class=\"elementor-element elementor-element-1b68402 elementor-widget elementor-widget-text-editor\" data-id=\"1b68402\" data-element_type=\"widget\" data-e-type=\"widget\" data-widget_type=\"text-editor.default\">\n\t\t\t\t<div class=\"elementor-widget-container\">\n\t\t\t\t\t\t\t\t\t<p style=\"text-align: center;\">Zu unseren Kultur-Schwerpunkten geh\u00f6ren Rhododendron, Koniferen sowie Laubgeh\u00f6lze.<\/p><p style=\"text-align: center;\"><span style=\"font-size: 16px;\">Alle Containerpflanzen werden standardm\u00e4\u00dfig abgestreut geliefert. Dies hebt das\u00a0<\/span><span style=\"font-size: 16px;\">Erscheinungsbild am Verkaufsort immens und garantiert eine bessere Qualit\u00e4t. <\/span>Ebenfalls k\u00f6nnen die Pflanzen auf Wunsch mit neutralen Etiketten versehen werden.<\/p>\t\t\t\t\t\t\t\t<\/div>\n\t\t\t\t<\/div>\n\t\t\t\t<div class=\"elementor-element elementor-element-98e0b54 elementor-widget elementor-widget-text-editor\" data-id=\"98e0b54\" data-element_type=\"widget\" data-e-type=\"widget\" data-widget_type=\"text-editor.default\">\n\t\t\t\t<div class=\"elementor-widget-container\">\n\t\t\t\t\t\t\t\t\tDie aktuelle Sortimentsliste k\u00f6nnen Sie hier als pdf-Datei herunterladen:\t\t\t\t\t\t\t\t<\/div>\n\t\t\t\t<\/div>\n\t\t\t\t<div class=\"elementor-element elementor-element-a08cb24 elementor-align-center elementor-widget elementor-widget-button\" data-id=\"a08cb24\" data-element_type=\"widget\" data-e-type=\"widget\" data-widget_type=\"button.default\">\n\t\t\t\t<div class=\"elementor-widget-container\">\n\t\t\t\t\t\t\t\t\t<div class=\"elementor-button-wrapper\">\n\t\t\t\t\t<a class=\"elementor-button elementor-button-link elementor-size-sm\" href=\"http:\/\/pflanzen-oltmanns.de\/wp-content\/uploads\/2021\/08\/Oltmanns_Wilfried_Sortimentskatalog_2021_2022_oP_RGB.pdf\" target=\"_blank\">\n\t\t\t\t\t\t<span class=\"elementor-button-content-wrapper\">\n\t\t\t\t\t\t<span class=\"elementor-button-icon\">\n\t\t\t\t<i aria-hidden=\"true\" class=\"fas fa-download\"><\/i>\t\t\t<\/span>\n\t\t\t\t\t\t\t\t\t<span class=\"elementor-button-text\">herunterladen<\/span>\n\t\t\t\t\t<\/span>\n\t\t\t\t\t<\/a>\n\t\t\t\t<\/div>\n\t\t\t\t\t\t\t\t<\/div>\n\t\t\t\t<\/div>\n\t\t\t\t<div class=\"elementor-element elementor-element-e8accd6 gallery-spacing-custom elementor-widget elementor-widget-image-gallery\" data-id=\"e8accd6\" data-element_type=\"widget\" data-e-type=\"widget\" data-widget_type=\"image-gallery.default\">\n\t\t\t\t<div class=\"elementor-widget-container\">\n\t\t\t\t\t\t\t<div class=\"elementor-image-gallery\">\n\t\t\t<div id='gallery-1' class='gallery galleryid-23 gallery-columns-2 gallery-size-full'><figure class='gallery-item'>\n\t\t\t<div class='gallery-icon landscape'>\n\t\t\t\t<a data-elementor-open-lightbox=\"yes\" data-elementor-lightbox-slideshow=\"e8accd6\" data-elementor-lightbox-title=\"DSC04776\" data-e-action-hash=\"#elementor-action%3Aaction%3Dlightbox%26settings%3DeyJpZCI6MzM0LCJ1cmwiOiJodHRwOlwvXC9wZmxhbnplbi1vbHRtYW5ucy5kZVwvd3AtY29udGVudFwvdXBsb2Fkc1wvMjAyMFwvMDZcL0RTQzA0Nzc2LXNjYWxlZC5qcGciLCJzbGlkZXNob3ciOiJlOGFjY2Q2In0%3D\" href='http:\/\/pflanzen-oltmanns.de\/wp-content\/uploads\/2020\/06\/DSC04776-scaled.jpg'><img fetchpriority=\"high\" decoding=\"async\" width=\"2560\" height=\"1707\" src=\"http:\/\/pflanzen-oltmanns.de\/wp-content\/uploads\/2020\/06\/DSC04776-scaled.jpg\" class=\"attachment-full size-full\" alt=\"\" srcset=\"http:\/\/pflanzen-oltmanns.de\/wp-content\/uploads\/2020\/06\/DSC04776-scaled.jpg 2560w, http:\/\/pflanzen-oltmanns.de\/wp-content\/uploads\/2020\/06\/DSC04776-300x200.jpg 300w, http:\/\/pflanzen-oltmanns.de\/wp-content\/uploads\/2020\/06\/DSC04776-768x512.jpg 768w, http:\/\/pflanzen-oltmanns.de\/wp-content\/uploads\/2020\/06\/DSC04776-2048x1365.jpg 2048w\" sizes=\"(max-width: 2560px) 100vw, 2560px\" \/><\/a>\n\t\t\t<\/div><\/figure><figure class='gallery-item'>\n\t\t\t<div class='gallery-icon landscape'>\n\t\t\t\t<a data-elementor-open-lightbox=\"yes\" data-elementor-lightbox-slideshow=\"e8accd6\" data-elementor-lightbox-title=\"rhododendron-3547382_960_720\" data-e-action-hash=\"#elementor-action%3Aaction%3Dlightbox%26settings%3DeyJpZCI6OTIsInVybCI6Imh0dHA6XC9cL3BmbGFuemVuLW9sdG1hbm5zLmRlXC93cC1jb250ZW50XC91cGxvYWRzXC8yMDIwXC8wNlwvcmhvZG9kZW5kcm9uLTM1NDczODJfOTYwXzcyMC5qcGciLCJzbGlkZXNob3ciOiJlOGFjY2Q2In0%3D\" href='http:\/\/pflanzen-oltmanns.de\/wp-content\/uploads\/2020\/06\/rhododendron-3547382_960_720.jpg'><img decoding=\"async\" width=\"960\" height=\"632\" src=\"http:\/\/pflanzen-oltmanns.de\/wp-content\/uploads\/2020\/06\/rhododendron-3547382_960_720.jpg\" class=\"attachment-full size-full\" alt=\"Rhododrendron\" srcset=\"http:\/\/pflanzen-oltmanns.de\/wp-content\/uploads\/2020\/06\/rhododendron-3547382_960_720.jpg 960w, http:\/\/pflanzen-oltmanns.de\/wp-content\/uploads\/2020\/06\/rhododendron-3547382_960_720-300x198.jpg 300w, http:\/\/pflanzen-oltmanns.de\/wp-content\/uploads\/2020\/06\/rhododendron-3547382_960_720-768x506.jpg 768w\" sizes=\"(max-width: 960px) 100vw, 960px\" \/><\/a>\n\t\t\t<\/div><\/figure><figure class='gallery-item'>\n\t\t\t<div class='gallery-icon landscape'>\n\t\t\t\t<a data-elementor-open-lightbox=\"yes\" data-elementor-lightbox-slideshow=\"e8accd6\" data-elementor-lightbox-title=\"DSC04862\" data-e-action-hash=\"#elementor-action%3Aaction%3Dlightbox%26settings%3DeyJpZCI6MzQwLCJ1cmwiOiJodHRwOlwvXC9wZmxhbnplbi1vbHRtYW5ucy5kZVwvd3AtY29udGVudFwvdXBsb2Fkc1wvMjAyMFwvMDZcL0RTQzA0ODYyLXNjYWxlZC5qcGciLCJzbGlkZXNob3ciOiJlOGFjY2Q2In0%3D\" href='http:\/\/pflanzen-oltmanns.de\/wp-content\/uploads\/2020\/06\/DSC04862-scaled.jpg'><img decoding=\"async\" width=\"2560\" height=\"1707\" src=\"http:\/\/pflanzen-oltmanns.de\/wp-content\/uploads\/2020\/06\/DSC04862-scaled.jpg\" class=\"attachment-full size-full\" alt=\"\" srcset=\"http:\/\/pflanzen-oltmanns.de\/wp-content\/uploads\/2020\/06\/DSC04862-scaled.jpg 2560w, http:\/\/pflanzen-oltmanns.de\/wp-content\/uploads\/2020\/06\/DSC04862-300x200.jpg 300w, http:\/\/pflanzen-oltmanns.de\/wp-content\/uploads\/2020\/06\/DSC04862-768x512.jpg 768w, http:\/\/pflanzen-oltmanns.de\/wp-content\/uploads\/2020\/06\/DSC04862-2048x1365.jpg 2048w\" sizes=\"(max-width: 2560px) 100vw, 2560px\" \/><\/a>\n\t\t\t<\/div><\/figure><figure class='gallery-item'>\n\t\t\t<div class='gallery-icon landscape'>\n\t\t\t\t<a data-elementor-open-lightbox=\"yes\" data-elementor-lightbox-slideshow=\"e8accd6\" data-elementor-lightbox-title=\"DSC04685\" data-e-action-hash=\"#elementor-action%3Aaction%3Dlightbox%26settings%3DeyJpZCI6MzMxLCJ1cmwiOiJodHRwOlwvXC9wZmxhbnplbi1vbHRtYW5ucy5kZVwvd3AtY29udGVudFwvdXBsb2Fkc1wvMjAyMFwvMDZcL0RTQzA0Njg1LXNjYWxlZC5qcGciLCJzbGlkZXNob3ciOiJlOGFjY2Q2In0%3D\" href='http:\/\/pflanzen-oltmanns.de\/wp-content\/uploads\/2020\/06\/DSC04685-scaled.jpg'><img loading=\"lazy\" decoding=\"async\" width=\"2560\" height=\"1707\" src=\"http:\/\/pflanzen-oltmanns.de\/wp-content\/uploads\/2020\/06\/DSC04685-scaled.jpg\" class=\"attachment-full size-full\" alt=\"\" srcset=\"http:\/\/pflanzen-oltmanns.de\/wp-content\/uploads\/2020\/06\/DSC04685-scaled.jpg 2560w, http:\/\/pflanzen-oltmanns.de\/wp-content\/uploads\/2020\/06\/DSC04685-300x200.jpg 300w, http:\/\/pflanzen-oltmanns.de\/wp-content\/uploads\/2020\/06\/DSC04685-768x512.jpg 768w, http:\/\/pflanzen-oltmanns.de\/wp-content\/uploads\/2020\/06\/DSC04685-2048x1365.jpg 2048w\" sizes=\"(max-width: 2560px) 100vw, 2560px\" \/><\/a>\n\t\t\t<\/div><\/figure>\n\t\t<\/div>\n\t\t<\/div>\n\t\t\t\t\t\t<\/div>\n\t\t\t\t<\/div>\n\t\t\t\t\t<\/div>\n\t\t<\/div>\n\t\t\t\t\t<\/div>\n\t\t<\/section>\n\t\t\t\t<section class=\"elementor-section elementor-top-section elementor-element elementor-element-fa34b2c elementor-section-boxed elementor-section-height-default elementor-section-height-default\" data-id=\"fa34b2c\" data-element_type=\"section\" data-e-type=\"section\">\n\t\t\t\t\t\t<div class=\"elementor-container elementor-column-gap-default\">\n\t\t\t\t\t<div class=\"elementor-column elementor-col-100 elementor-top-column elementor-element elementor-element-b180592\" data-id=\"b180592\" data-element_type=\"column\" data-e-type=\"column\">\n\t\t\t<div class=\"elementor-widget-wrap elementor-element-populated\">\n\t\t\t\t\t\t<div class=\"elementor-element elementor-element-fff1f9b elementor-widget elementor-widget-spacer\" data-id=\"fff1f9b\" data-element_type=\"widget\" data-e-type=\"widget\" data-widget_type=\"spacer.default\">\n\t\t\t\t<div class=\"elementor-widget-container\">\n\t\t\t\t\t\t\t<div class=\"elementor-spacer\">\n\t\t\t<div class=\"elementor-spacer-inner\"><\/div>\n\t\t<\/div>\n\t\t\t\t\t\t<\/div>\n\t\t\t\t<\/div>\n\t\t\t\t\t<\/div>\n\t\t<\/div>\n\t\t\t\t\t<\/div>\n\t\t<\/section>\n\t\t\t\t<\/div>\n\t\t","protected":false},"excerpt":{"rendered":"<p>Unser Sortiment Zu unseren Kultur-Schwerpunkten geh\u00f6ren Rhododendron, Koniferen sowie Laubgeh\u00f6lze. Alle Containerpflanzen werden standardm\u00e4\u00dfig abgestreut geliefert. Dies hebt das\u00a0Erscheinungsbild am Verkaufsort immens und garantiert eine bessere Qualit\u00e4t. Ebenfalls k\u00f6nnen die Pflanzen auf Wunsch mit neutralen Etiketten versehen werden. Die aktuelle Sortimentsliste k\u00f6nnen Sie hier als pdf-Datei herunterladen: herunterladen<\/p>\n","protected":false},"author":1,"featured_media":0,"parent":0,"menu_order":0,"comment_status":"closed","ping_status":"closed","template":"","meta":{"ocean_post_layout":"full-screen","ocean_both_sidebars_style":"","ocean_both_sidebars_content_width":0,"ocean_both_sidebars_sidebars_width":0,"ocean_sidebar":"0","ocean_second_sidebar":"0","ocean_disable_margins":"enable","ocean_add_body_class":"","ocean_shortcode_before_top_bar":"","ocean_shortcode_after_top_bar":"","ocean_shortcode_before_header":"","ocean_shortcode_after_header":"","ocean_has_shortcode":"","ocean_shortcode_after_title":"","ocean_shortcode_before_footer_widgets":"","ocean_shortcode_after_footer_widgets":"","ocean_shortcode_before_footer_bottom":"","ocean_shortcode_after_footer_bottom":"","ocean_display_top_bar":"on","ocean_display_header":"on","ocean_header_style":"","ocean_center_header_left_menu":"0","ocean_custom_header_template":"0","ocean_custom_logo":0,"ocean_custom_retina_logo":0,"ocean_custom_logo_max_width":0,"ocean_custom_logo_tablet_max_width":0,"ocean_custom_logo_mobile_max_width":0,"ocean_custom_logo_max_height":0,"ocean_custom_logo_tablet_max_height":0,"ocean_custom_logo_mobile_max_height":0,"ocean_header_custom_menu":"0","ocean_menu_typo_font_family":"0","ocean_menu_typo_font_subset":"","ocean_menu_typo_font_size":0,"ocean_menu_typo_font_size_tablet":0,"ocean_menu_typo_font_size_mobile":0,"ocean_menu_typo_font_size_unit":"px","ocean_menu_typo_font_weight":"","ocean_menu_typo_font_weight_tablet":"","ocean_menu_typo_font_weight_mobile":"","ocean_menu_typo_transform":"","ocean_menu_typo_transform_tablet":"","ocean_menu_typo_transform_mobile":"","ocean_menu_typo_line_height":0,"ocean_menu_typo_line_height_tablet":0,"ocean_menu_typo_line_height_mobile":0,"ocean_menu_typo_line_height_unit":"","ocean_menu_typo_spacing":0,"ocean_menu_typo_spacing_tablet":0,"ocean_menu_typo_spacing_mobile":0,"ocean_menu_typo_spacing_unit":"","ocean_menu_link_color":"","ocean_menu_link_color_hover":"","ocean_menu_link_color_active":"","ocean_menu_link_background":"","ocean_menu_link_hover_background":"","ocean_menu_link_active_background":"","ocean_menu_social_links_bg":"","ocean_menu_social_hover_links_bg":"","ocean_menu_social_links_color":"","ocean_menu_social_hover_links_color":"","ocean_disable_title":"on","ocean_disable_heading":"default","ocean_post_title":"","ocean_post_subheading":"","ocean_post_title_style":"","ocean_post_title_background_color":"","ocean_post_title_background":0,"ocean_post_title_bg_image_position":"","ocean_post_title_bg_image_attachment":"","ocean_post_title_bg_image_repeat":"","ocean_post_title_bg_image_size":"","ocean_post_title_height":0,"ocean_post_title_bg_overlay":0.5,"ocean_post_title_bg_overlay_color":"","ocean_disable_breadcrumbs":"default","ocean_breadcrumbs_color":"","ocean_breadcrumbs_separator_color":"","ocean_breadcrumbs_links_color":"","ocean_breadcrumbs_links_hover_color":"","ocean_display_footer_widgets":"off","ocean_display_footer_bottom":"on","ocean_custom_footer_template":"0","footnotes":""},"class_list":["post-23","page","type-page","status-publish","hentry","entry"],"yoast_head":"<!-- This site is optimized with the Yoast SEO plugin v27.3 - https:\/\/yoast.com\/product\/yoast-seo-wordpress\/ -->\n<title>Unser Sortiment | Baumschule Wilfried Oltmanns<\/title>\n<meta name=\"description\" content=\"Rhododendron, Koniferen, Laubgeh\u00f6lze und vieles mehr - Entdecken Sie hier das Sortiment der Baumschule Wilfried Oltmanns in Edewecht.\" \/>\n<meta name=\"robots\" content=\"index, follow, max-snippet:-1, max-image-preview:large, max-video-preview:-1\" \/>\n<link rel=\"canonical\" href=\"http:\/\/pflanzen-oltmanns.de\/?page_id=23\" \/>\n<meta property=\"og:locale\" content=\"de_DE\" \/>\n<meta property=\"og:type\" content=\"article\" \/>\n<meta property=\"og:title\" content=\"Unser Sortiment | Baumschule Wilfried Oltmanns\" \/>\n<meta property=\"og:description\" content=\"Rhododendron, Koniferen, Laubgeh\u00f6lze und vieles mehr - Entdecken Sie hier das Sortiment der Baumschule Wilfried Oltmanns in Edewecht.\" \/>\n<meta property=\"og:url\" content=\"http:\/\/pflanzen-oltmanns.de\/?page_id=23\" \/>\n<meta property=\"og:site_name\" content=\"Baumschule Wilfried Oltmanns\" \/>\n<meta property=\"article:modified_time\" content=\"2021-08-13T11:24:51+00:00\" \/>\n<meta property=\"og:image\" content=\"http:\/\/pflanzen-oltmanns.de\/wp-content\/uploads\/2020\/06\/DSC04776-scaled.jpg\" \/>\n<meta name=\"twitter:card\" content=\"summary_large_image\" \/>\n<script type=\"application\/ld+json\" class=\"yoast-schema-graph\">{\"@context\":\"https:\\\/\\\/schema.org\",\"@graph\":[{\"@type\":\"WebPage\",\"@id\":\"http:\\\/\\\/pflanzen-oltmanns.de\\\/?page_id=23\",\"url\":\"http:\\\/\\\/pflanzen-oltmanns.de\\\/?page_id=23\",\"name\":\"Unser Sortiment | Baumschule Wilfried Oltmanns\",\"isPartOf\":{\"@id\":\"http:\\\/\\\/pflanzen-oltmanns.de\\\/#website\"},\"primaryImageOfPage\":{\"@id\":\"http:\\\/\\\/pflanzen-oltmanns.de\\\/?page_id=23#primaryimage\"},\"image\":{\"@id\":\"http:\\\/\\\/pflanzen-oltmanns.de\\\/?page_id=23#primaryimage\"},\"thumbnailUrl\":\"http:\\\/\\\/pflanzen-oltmanns.de\\\/wp-content\\\/uploads\\\/2020\\\/06\\\/DSC04776-scaled.jpg\",\"datePublished\":\"2020-07-25T09:57:00+00:00\",\"dateModified\":\"2021-08-13T11:24:51+00:00\",\"description\":\"Rhododendron, Koniferen, Laubgeh\u00f6lze und vieles mehr - Entdecken Sie hier das Sortiment der Baumschule Wilfried Oltmanns in Edewecht.\",\"breadcrumb\":{\"@id\":\"http:\\\/\\\/pflanzen-oltmanns.de\\\/?page_id=23#breadcrumb\"},\"inLanguage\":\"de\",\"potentialAction\":[{\"@type\":\"ReadAction\",\"target\":[\"http:\\\/\\\/pflanzen-oltmanns.de\\\/?page_id=23\"]}]},{\"@type\":\"ImageObject\",\"inLanguage\":\"de\",\"@id\":\"http:\\\/\\\/pflanzen-oltmanns.de\\\/?page_id=23#primaryimage\",\"url\":\"http:\\\/\\\/pflanzen-oltmanns.de\\\/wp-content\\\/uploads\\\/2020\\\/06\\\/DSC04776-scaled.jpg\",\"contentUrl\":\"http:\\\/\\\/pflanzen-oltmanns.de\\\/wp-content\\\/uploads\\\/2020\\\/06\\\/DSC04776-scaled.jpg\",\"width\":2560,\"height\":1707},{\"@type\":\"BreadcrumbList\",\"@id\":\"http:\\\/\\\/pflanzen-oltmanns.de\\\/?page_id=23#breadcrumb\",\"itemListElement\":[{\"@type\":\"ListItem\",\"position\":1,\"name\":\"Startseite\",\"item\":\"http:\\\/\\\/pflanzen-oltmanns.de\\\/\"},{\"@type\":\"ListItem\",\"position\":2,\"name\":\"Sortiment\"}]},{\"@type\":\"WebSite\",\"@id\":\"http:\\\/\\\/pflanzen-oltmanns.de\\\/#website\",\"url\":\"http:\\\/\\\/pflanzen-oltmanns.de\\\/\",\"name\":\"Baumschule Wilfried Oltmanns\",\"description\":\"Baumschule Wilfried Oltmanns\",\"publisher\":{\"@id\":\"http:\\\/\\\/pflanzen-oltmanns.de\\\/#organization\"},\"potentialAction\":[{\"@type\":\"SearchAction\",\"target\":{\"@type\":\"EntryPoint\",\"urlTemplate\":\"http:\\\/\\\/pflanzen-oltmanns.de\\\/?s={search_term_string}\"},\"query-input\":{\"@type\":\"PropertyValueSpecification\",\"valueRequired\":true,\"valueName\":\"search_term_string\"}}],\"inLanguage\":\"de\"},{\"@type\":\"Organization\",\"@id\":\"http:\\\/\\\/pflanzen-oltmanns.de\\\/#organization\",\"name\":\"Baumschule Wilfried Oltmanns\",\"url\":\"http:\\\/\\\/pflanzen-oltmanns.de\\\/\",\"logo\":{\"@type\":\"ImageObject\",\"inLanguage\":\"de\",\"@id\":\"http:\\\/\\\/pflanzen-oltmanns.de\\\/#\\\/schema\\\/logo\\\/image\\\/\",\"url\":\"http:\\\/\\\/pflanzen-oltmanns.de\\\/wp-content\\\/uploads\\\/2020\\\/07\\\/cropped-Oltmanns_Wilfried_Logo_300dpi_RGB.jpg\",\"contentUrl\":\"http:\\\/\\\/pflanzen-oltmanns.de\\\/wp-content\\\/uploads\\\/2020\\\/07\\\/cropped-Oltmanns_Wilfried_Logo_300dpi_RGB.jpg\",\"width\":2473,\"height\":809,\"caption\":\"Baumschule Wilfried Oltmanns\"},\"image\":{\"@id\":\"http:\\\/\\\/pflanzen-oltmanns.de\\\/#\\\/schema\\\/logo\\\/image\\\/\"}}]}<\/script>\n<!-- \/ Yoast SEO plugin. -->","yoast_head_json":{"title":"Unser Sortiment | Baumschule Wilfried Oltmanns","description":"Rhododendron, Koniferen, Laubgeh\u00f6lze und vieles mehr - Entdecken Sie hier das Sortiment der Baumschule Wilfried Oltmanns in Edewecht.","robots":{"index":"index","follow":"follow","max-snippet":"max-snippet:-1","max-image-preview":"max-image-preview:large","max-video-preview":"max-video-preview:-1"},"canonical":"http:\/\/pflanzen-oltmanns.de\/?page_id=23","og_locale":"de_DE","og_type":"article","og_title":"Unser Sortiment | Baumschule Wilfried Oltmanns","og_description":"Rhododendron, Koniferen, Laubgeh\u00f6lze und vieles mehr - Entdecken Sie hier das Sortiment der Baumschule Wilfried Oltmanns in Edewecht.","og_url":"http:\/\/pflanzen-oltmanns.de\/?page_id=23","og_site_name":"Baumschule Wilfried Oltmanns","article_modified_time":"2021-08-13T11:24:51+00:00","og_image":[{"url":"http:\/\/pflanzen-oltmanns.de\/wp-content\/uploads\/2020\/06\/DSC04776-scaled.jpg","type":"","width":"","height":""}],"twitter_card":"summary_large_image","schema":{"@context":"https:\/\/schema.org","@graph":[{"@type":"WebPage","@id":"http:\/\/pflanzen-oltmanns.de\/?page_id=23","url":"http:\/\/pflanzen-oltmanns.de\/?page_id=23","name":"Unser Sortiment | Baumschule Wilfried Oltmanns","isPartOf":{"@id":"http:\/\/pflanzen-oltmanns.de\/#website"},"primaryImageOfPage":{"@id":"http:\/\/pflanzen-oltmanns.de\/?page_id=23#primaryimage"},"image":{"@id":"http:\/\/pflanzen-oltmanns.de\/?page_id=23#primaryimage"},"thumbnailUrl":"http:\/\/pflanzen-oltmanns.de\/wp-content\/uploads\/2020\/06\/DSC04776-scaled.jpg","datePublished":"2020-07-25T09:57:00+00:00","dateModified":"2021-08-13T11:24:51+00:00","description":"Rhododendron, Koniferen, Laubgeh\u00f6lze und vieles mehr - Entdecken Sie hier das Sortiment der Baumschule Wilfried Oltmanns in Edewecht.","breadcrumb":{"@id":"http:\/\/pflanzen-oltmanns.de\/?page_id=23#breadcrumb"},"inLanguage":"de","potentialAction":[{"@type":"ReadAction","target":["http:\/\/pflanzen-oltmanns.de\/?page_id=23"]}]},{"@type":"ImageObject","inLanguage":"de","@id":"http:\/\/pflanzen-oltmanns.de\/?page_id=23#primaryimage","url":"http:\/\/pflanzen-oltmanns.de\/wp-content\/uploads\/2020\/06\/DSC04776-scaled.jpg","contentUrl":"http:\/\/pflanzen-oltmanns.de\/wp-content\/uploads\/2020\/06\/DSC04776-scaled.jpg","width":2560,"height":1707},{"@type":"BreadcrumbList","@id":"http:\/\/pflanzen-oltmanns.de\/?page_id=23#breadcrumb","itemListElement":[{"@type":"ListItem","position":1,"name":"Startseite","item":"http:\/\/pflanzen-oltmanns.de\/"},{"@type":"ListItem","position":2,"name":"Sortiment"}]},{"@type":"WebSite","@id":"http:\/\/pflanzen-oltmanns.de\/#website","url":"http:\/\/pflanzen-oltmanns.de\/","name":"Baumschule Wilfried Oltmanns","description":"Baumschule Wilfried Oltmanns","publisher":{"@id":"http:\/\/pflanzen-oltmanns.de\/#organization"},"potentialAction":[{"@type":"SearchAction","target":{"@type":"EntryPoint","urlTemplate":"http:\/\/pflanzen-oltmanns.de\/?s={search_term_string}"},"query-input":{"@type":"PropertyValueSpecification","valueRequired":true,"valueName":"search_term_string"}}],"inLanguage":"de"},{"@type":"Organization","@id":"http:\/\/pflanzen-oltmanns.de\/#organization","name":"Baumschule Wilfried Oltmanns","url":"http:\/\/pflanzen-oltmanns.de\/","logo":{"@type":"ImageObject","inLanguage":"de","@id":"http:\/\/pflanzen-oltmanns.de\/#\/schema\/logo\/image\/","url":"http:\/\/pflanzen-oltmanns.de\/wp-content\/uploads\/2020\/07\/cropped-Oltmanns_Wilfried_Logo_300dpi_RGB.jpg","contentUrl":"http:\/\/pflanzen-oltmanns.de\/wp-content\/uploads\/2020\/07\/cropped-Oltmanns_Wilfried_Logo_300dpi_RGB.jpg","width":2473,"height":809,"caption":"Baumschule Wilfried Oltmanns"},"image":{"@id":"http:\/\/pflanzen-oltmanns.de\/#\/schema\/logo\/image\/"}}]}},"_links":{"self":[{"href":"http:\/\/pflanzen-oltmanns.de\/index.php?rest_route=\/wp\/v2\/pages\/23","targetHints":{"allow":["GET"]}}],"collection":[{"href":"http:\/\/pflanzen-oltmanns.de\/index.php?rest_route=\/wp\/v2\/pages"}],"about":[{"href":"http:\/\/pflanzen-oltmanns.de\/index.php?rest_route=\/wp\/v2\/types\/page"}],"author":[{"embeddable":true,"href":"http:\/\/pflanzen-oltmanns.de\/index.php?rest_route=\/wp\/v2\/users\/1"}],"replies":[{"embeddable":true,"href":"http:\/\/pflanzen-oltmanns.de\/index.php?rest_route=%2Fwp%2Fv2%2Fcomments&post=23"}],"version-history":[{"count":51,"href":"http:\/\/pflanzen-oltmanns.de\/index.php?rest_route=\/wp\/v2\/pages\/23\/revisions"}],"predecessor-version":[{"id":492,"href":"http:\/\/pflanzen-oltmanns.de\/index.php?rest_route=\/wp\/v2\/pages\/23\/revisions\/492"}],"wp:attachment":[{"href":"http:\/\/pflanzen-oltmanns.de\/index.php?rest_route=%2Fwp%2Fv2%2Fmedia&parent=23"}],"curies":[{"name":"wp","href":"https:\/\/api.w.org\/{rel}","templated":true}]}}